{"id":75,"date":"2026-01-26T13:24:53","date_gmt":"2026-01-26T10:24:53","guid":{"rendered":"https:\/\/lavipeyzaj.com.tr\/?page_id=75"},"modified":"2026-01-27T20:45:12","modified_gmt":"2026-01-27T17:45:12","slug":"iletisim","status":"publish","type":"page","link":"https:\/\/lavipeyzaj.com.tr\/?page_id=75","title":{"rendered":"\u0130LET\u0130\u015e\u0130M"},"content":{"rendered":"\n<div class=\"wp-block-group alignwide has-accent-background-color has-background has-global-padding is-layout-constrained wp-container-core-group-is-layout-669513ed wp-block-group-is-layout-constrained\" style=\"margin-top:0;margin-bottom:0;padding-top:var(--wp--preset--spacing--50);padding-right:var(--wp--preset--spacing--50);padding-bottom:var(--wp--preset--spacing--50);padding-left:var(--wp--preset--spacing--50)\">\n<div class=\"wp-block-columns alignwide is-layout-flex wp-container-core-columns-is-layout-1da03c2a wp-block-columns-is-layout-flex\">\n<div class=\"wp-block-column is-vertically-aligned-stretch is-layout-flow wp-block-column-is-layout-flow\" style=\"flex-basis:50%\">\n<p>TELEFON : 0533 619 03 32 &#8211; 0546 872 17 96<\/p>\n\n\n\n<p>\u0130NSTAGRAM : @lavipeyzaj<\/p>\n\n\n\n<p>ADRES : HOME OF\u0130S Alibeyh\u00fcy\u00fc\u011f\u00fc Mahallesi 74046 Sokak 26\/2 KONYA\/\u00c7UMRA<\/p>\n\n\n\n<p>E-MA\u0130L : info@lavipeyzaj.com.tr &#8211; lavipeyzaj@gmail.com  <\/p>\n\n\n\n<p><\/p>\n<\/div>\n\n\n\n<div class=\"wp-block-column is-vertically-aligned-center is-layout-flow wp-block-column-is-layout-flow\" style=\"flex-basis:50%\">\n<figure class=\"wp-block-image size-large is-style-rounded is-style-rounded--1\"><img decoding=\"async\" src=\"https:\/\/lavipeyzaj.com.tr\/wp-content\/themes\/twentytwentyfour\/assets\/images\/museum.webp\" alt=\"Kiasma M\u00fczesi'nde kavisli bir duvar boyunca bir rampa, Helsinki, Finlandiya\" style=\"aspect-ratio:3\/4;object-fit:cover\"\/><\/figure>\n<\/div>\n<\/div>\n<\/div>\n\n\n\n<div class=\"wp-block-group alignfull has-base-background-color has-background has-global-padding is-layout-constrained wp-container-core-group-is-layout-d89aad35 wp-block-group-is-layout-constrained\" style=\"margin-top:0;margin-bottom:0;padding-top:var(--wp--preset--spacing--50);padding-right:var(--wp--preset--spacing--50);padding-bottom:var(--wp--preset--spacing--50);padding-left:var(--wp--preset--spacing--50)\">\n<div class=\"wp-block-columns alignwide is-layout-flex wp-container-core-columns-is-layout-549b0c86 wp-block-columns-is-layout-flex\">\n<div class=\"wp-block-column has-global-padding is-content-justification-left is-layout-constrained wp-container-core-column-is-layout-4f15e8fe wp-block-column-is-layout-constrained\" style=\"flex-basis:40%\">\n<p>Canland\u0131r\u0131lm\u0131\u015f sanat galerisi, k\u00fclt\u00fcrel manzaray\u0131 yeniden tan\u0131ml\u0131yor.<\/p>\n<\/div>\n\n\n\n<div class=\"wp-block-column is-layout-flow wp-container-core-column-is-layout-119bc444 wp-block-column-is-layout-flow\" style=\"flex-basis:60%\">\n<p class=\"has-heading-font-family has-x-large-font-size\" style=\"line-height:1.2\">Detaylara b\u00fcy\u00fck bir titizlikle dikkat etme ve m\u00fckemmelli\u011fe olan ba\u011fl\u0131l\u0131\u011f\u0131m\u0131zla, i\u00e7inde ya\u015fayanlar\u0131n hayatlar\u0131na ilham veren, y\u00fckselten ve zenginle\u015ftiren alanlar yarat\u0131yoruz.<\/p>\n\n\n\n<div class=\"wp-block-columns is-layout-flex wp-container-core-columns-is-layout-87beb0d0 wp-block-columns-is-layout-flex\">\n<div class=\"wp-block-column is-layout-flow wp-block-column-is-layout-flow\">\n<p class=\"wp-container-content-9cfa9a5a\">Yeniden canland\u0131r\u0131lan sanat galerisi, Toronto&#8217;nun k\u00fclt\u00fcrel manzaras\u0131n\u0131 yeniden tan\u0131mlamaya haz\u0131rlan\u0131yor ve sanatsal ifadenin, topluluk kat\u0131l\u0131m\u0131n\u0131n ve mimari harikan\u0131n bir ba\u011flant\u0131 noktas\u0131 olarak hizmet ediyor. Geni\u015fletme ve yenileme projesi, Sanat Galerisi&#8217;nin zengin tarihine sayg\u0131 duru\u015funda bulunurken gelece\u011fi de kucakl\u0131yor ve galerinin bir ilham kayna\u011f\u0131 olarak kalmas\u0131n\u0131 sa\u011fl\u0131yor.<\/p>\n<\/div>\n\n\n\n<div class=\"wp-block-column is-layout-flow wp-block-column-is-layout-flow\">\n<p>Yeniden canland\u0131r\u0131lan sanat galerisi, Toronto&#8217;nun k\u00fclt\u00fcrel manzaras\u0131n\u0131 yeniden tan\u0131mlamaya haz\u0131rlan\u0131yor ve sanatsal ifadenin, topluluk kat\u0131l\u0131m\u0131n\u0131n ve mimari harikan\u0131n bir ba\u011flant\u0131 noktas\u0131 olarak hizmet ediyor. Geni\u015fletme ve yenileme projesi, Sanat Galerisi&#8217;nin zengin tarihine sayg\u0131 duru\u015funda bulunurken gelece\u011fi de kucakl\u0131yor ve galerinin bir ilham kayna\u011f\u0131 olarak kalmas\u0131n\u0131 sa\u011fl\u0131yor.<\/p>\n<\/div>\n<\/div>\n<\/div>\n<\/div>\n<\/div>\n\n\n\n<div class=\"wp-block-group alignfull has-accent-5-background-color has-background has-global-padding is-layout-constrained wp-container-core-group-is-layout-d89aad35 wp-block-group-is-layout-constrained\" style=\"margin-top:0;margin-bottom:0;padding-top:var(--wp--preset--spacing--50);padding-right:var(--wp--preset--spacing--50);padding-bottom:var(--wp--preset--spacing--50);padding-left:var(--wp--preset--spacing--50)\">\n<div class=\"wp-block-columns alignwide is-layout-flex wp-container-core-columns-is-layout-1da03c2a wp-block-columns-is-layout-flex\">\n<div class=\"wp-block-column is-vertically-aligned-center is-layout-flow wp-block-column-is-layout-flow\" style=\"flex-basis:60%\">\n<figure class=\"wp-block-image size-full is-style-rounded wp-duotone-duotone-1 is-style-rounded--2\"><img decoding=\"async\" src=\"https:\/\/lavipeyzaj.com.tr\/wp-content\/themes\/twentytwentyfour\/assets\/images\/abstract-geometric-art.webp\" alt=\"Dresden, Almanya'dan beyaz soyut geometrik sanat eserleri\" style=\"aspect-ratio:4\/3;object-fit:cover\"\/><\/figure>\n<\/div>\n\n\n\n<div class=\"wp-block-column is-layout-flow wp-block-column-is-layout-flow\" style=\"flex-basis:40%\">\n<h2 class=\"wp-block-heading\">Proje boyunca i\u015fletmenize rehberlik<\/h2>\n\n\n\n<p>Etraf\u0131m\u0131zdaki d\u00fcnyay\u0131 zenginle\u015ftiren mimari d\u00f6n\u00fc\u015f\u00fcmlerin kataliz\u00f6r\u00fc olan \u00c9tudes ile hayal g\u00fcc\u00fc ve uzmanl\u0131\u011f\u0131n birle\u015fimini deneyimleyin.<\/p>\n\n\n\n<div class=\"wp-block-buttons is-layout-flex wp-block-buttons-is-layout-flex\">\n<div class=\"wp-block-button\"><a class=\"wp-block-button__link wp-element-button\">Hizmetlerimiz<\/a><\/div>\n<\/div>\n<\/div>\n<\/div>\n<\/div>\n\n\n\n<div class=\"wp-block-group alignfull has-global-padding is-layout-constrained wp-container-core-group-is-layout-669513ed wp-block-group-is-layout-constrained\" style=\"margin-top:0;margin-bottom:0;padding-top:var(--wp--preset--spacing--50);padding-right:var(--wp--preset--spacing--50);padding-bottom:var(--wp--preset--spacing--50);padding-left:var(--wp--preset--spacing--50)\">\n<div class=\"wp-block-group is-vertical is-content-justification-center is-layout-flex wp-container-core-group-is-layout-ce155fab wp-block-group-is-layout-flex\">\n<h2 class=\"wp-block-heading has-text-align-center has-xx-large-font-size\">Ekibimizle tan\u0131\u015f\u0131n<\/h2>\n\n\n\n<p class=\"has-text-align-center\">Kapsaml\u0131 profesyonel ekibimiz, deneyimli mimarlardan \u00fcnl\u00fc m\u00fchendislere kadar geni\u015f bir gruba hitap etmektedir.<\/p>\n<\/div>\n\n\n\n<div style=\"height:var(--wp--preset--spacing--30)\" aria-hidden=\"true\" class=\"wp-block-spacer\"><\/div>\n\n\n\n<div class=\"wp-block-columns alignwide is-layout-flex wp-container-core-columns-is-layout-4935966c wp-block-columns-is-layout-flex\" style=\"padding-right:0;padding-left:0\">\n<div class=\"wp-block-column is-layout-flow wp-block-column-is-layout-flow\">\n\n\n<div class=\"wp-block-group is-vertical is-content-justification-center is-nowrap is-layout-flex wp-container-core-group-is-layout-21d4e958 wp-block-group-is-layout-flex\">\n<p class=\"has-text-align-center has-small-font-size\">\n\t\t\t\t\t<strong>Francesca Piovani<\/strong>\n\t\t\t\t<\/p>\n\n\n\n<p class=\"has-text-align-center has-small-font-size\">Kurucu, CEO &amp; Mimar<\/p>\n<\/div>\n<\/div>\n\n\n\n<div class=\"wp-block-column is-layout-flow wp-block-column-is-layout-flow\">\n\n\n<div class=\"wp-block-group is-vertical is-content-justification-center is-nowrap is-layout-flex wp-container-core-group-is-layout-63bfd6c1 wp-block-group-is-layout-flex\">\n<p class=\"has-text-align-center has-small-font-size\">\n\t\t\t\t\t<strong>Rhye Moore<\/strong>\n\t\t\t\t<\/p>\n\n\n\n<p class=\"has-text-align-center has-small-font-size\">M\u00fchendislik y\u00f6neticisi<\/p>\n<\/div>\n<\/div>\n\n\n\n<div class=\"wp-block-column is-layout-flow wp-block-column-is-layout-flow\">\n\n\n<div class=\"wp-block-group is-vertical is-content-justification-center is-nowrap is-layout-flex wp-container-core-group-is-layout-63bfd6c1 wp-block-group-is-layout-flex\">\n<p class=\"has-text-align-center has-small-font-size\">\n\t\t\t\t\t<strong>Helga Steiner<\/strong>\n\t\t\t\t<\/p>\n\n\n\n<p class=\"has-text-align-center has-small-font-size\">Mimar<\/p>\n<\/div>\n<\/div>\n\n\n\n<div class=\"wp-block-column is-layout-flow wp-block-column-is-layout-flow\">\n\n\n<div class=\"wp-block-group is-vertical is-content-justification-center is-nowrap is-layout-flex wp-container-core-group-is-layout-21d4e958 wp-block-group-is-layout-flex\">\n<p class=\"has-text-align-center has-small-font-size\">\n\t\t\t\t\t<strong>Ivan Lawrence<\/strong>\n\t\t\t\t<\/p>\n\n\n\n<p class=\"has-text-align-center has-small-font-size\">Proje y\u00f6neticisi<\/p>\n<\/div>\n<\/div>\n<\/div>\n<\/div>\n\n\n\n<div class=\"wp-block-group alignfull has-global-padding is-layout-constrained wp-container-core-group-is-layout-d89aad35 wp-block-group-is-layout-constrained\" style=\"margin-top:0;margin-bottom:0;padding-top:var(--wp--preset--spacing--50);padding-right:var(--wp--preset--spacing--50);padding-bottom:var(--wp--preset--spacing--50);padding-left:var(--wp--preset--spacing--50)\">\n<div class=\"wp-block-group alignwide has-base-2-background-color has-background is-layout-flow wp-block-group-is-layout-flow\" style=\"border-radius:16px;padding-top:var(--wp--preset--spacing--50);padding-right:var(--wp--preset--spacing--50);padding-bottom:var(--wp--preset--spacing--50);padding-left:var(--wp--preset--spacing--50)\">\n<p class=\"has-text-align-center\">We\u2019ve worked with some of the best companies.<\/p>\n\n\n\n<div style=\"height:var(--wp--preset--spacing--10)\" aria-hidden=\"true\" class=\"wp-block-spacer\"><\/div>\n\n\n\n<div class=\"wp-block-group alignwide is-content-justification-center is-layout-flex wp-container-core-group-is-layout-f95ffa09 wp-block-group-is-layout-flex\" style=\"padding-top:0;padding-right:0;padding-bottom:0;padding-left:0\">\n\n\n\n\n\n\n\n<\/div>\n<\/div>\n<\/div>\n\n\n\n<div class=\"wp-block-group alignfull has-base-color has-contrast-background-color has-text-color has-background has-link-color wp-elements-05cfef87e49656c31473847cc21bdd35 has-global-padding is-layout-constrained wp-container-core-group-is-layout-d89aad35 wp-block-group-is-layout-constrained\" style=\"margin-top:0;margin-bottom:0;padding-top:var(--wp--preset--spacing--50);padding-right:var(--wp--preset--spacing--50);padding-bottom:var(--wp--preset--spacing--50);padding-left:var(--wp--preset--spacing--50)\">\n<h2 class=\"wp-block-heading alignwide has-base-color has-text-color has-link-color wp-elements-a09199d807155d78c6afac7ccf3ebba0\" style=\"font-size:clamp(4.509rem, 4.509rem + ((1vw - 0.2rem) * 9.152), 10rem);letter-spacing:-0.02em\">SSS<\/h2>\n\n\n\n<div class=\"wp-block-group alignwide is-layout-flow wp-block-group-is-layout-flow\">\n<hr class=\"wp-block-separator has-text-color has-base-color has-alpha-channel-opacity has-base-background-color has-background is-style-wide\" style=\"margin-top:var(--wp--preset--spacing--30);margin-bottom:var(--wp--preset--spacing--30)\"\/>\n\n\n\n<h3 class=\"wp-block-heading alignwide has-base-2-color has-text-color has-link-color wp-elements-aaab986b024c2d4977bb000716db54d9\">What is your process working in smaller projects?<\/h3>\n\n\n\n<p class=\"has-contrast-1-color has-text-color has-link-color wp-elements-c7a6a2949ec955eb29254d2d7fb719b9\">\u00c9tudes offers comprehensive consulting, management, design, and research solutions. Our vision is to be at the forefront of architectural innovation, fostering a global community of architects and enthusiasts united by a passion for creating spaces. Every architectural endeavor is an opportunity to shape the future.<\/p>\n\n\n\n<hr class=\"wp-block-separator has-text-color has-base-color has-alpha-channel-opacity has-base-background-color has-background is-style-wide\" style=\"margin-top:var(--wp--preset--spacing--30);margin-bottom:var(--wp--preset--spacing--30)\"\/>\n\n\n\n<h3 class=\"wp-block-heading alignwide has-base-2-color has-text-color has-link-color wp-elements-6841db075a14f0d13730a94476d47523\">Who is behind \u00c9tudes?<\/h3>\n\n\n\n<p class=\"has-contrast-1-color has-text-color has-link-color wp-elements-c7a6a2949ec955eb29254d2d7fb719b9\">\u00c9tudes offers comprehensive consulting, management, design, and research solutions. Our vision is to be at the forefront of architectural innovation, fostering a global community of architects and enthusiasts united by a passion for creating spaces. Every architectural endeavor is an opportunity to shape the future.<\/p>\n\n\n\n<hr class=\"wp-block-separator has-text-color has-base-color has-alpha-channel-opacity has-base-background-color has-background is-style-wide\" style=\"margin-top:var(--wp--preset--spacing--30);margin-bottom:var(--wp--preset--spacing--30)\"\/>\n\n\n\n<h3 class=\"wp-block-heading alignwide has-base-2-color has-text-color has-link-color wp-elements-39ea32c6355da907b8471851adc98695\">I&#8217;d like to get to meet fellow architects, how can I do that?<\/h3>\n\n\n\n<p class=\"has-contrast-1-color has-text-color has-link-color wp-elements-c7a6a2949ec955eb29254d2d7fb719b9\">\u00c9tudes offers comprehensive consulting, management, design, and research solutions. Our vision is to be at the forefront of architectural innovation, fostering a global community of architects and enthusiasts united by a passion for creating spaces. Every architectural endeavor is an opportunity to shape the future.<\/p>\n\n\n\n<hr class=\"wp-block-separator has-text-color has-base-color has-alpha-channel-opacity has-base-background-color has-background is-style-wide\" style=\"margin-top:var(--wp--preset--spacing--30);margin-bottom:var(--wp--preset--spacing--30)\"\/>\n\n\n\n<h3 class=\"wp-block-heading alignwide has-base-2-color has-text-color has-link-color wp-elements-78f520ac6cd959b539da8bed9b65b7a2\">Can I apply to be a part of the team or work as a contractor?<\/h3>\n\n\n\n<p class=\"has-contrast-1-color has-text-color has-link-color wp-elements-c7a6a2949ec955eb29254d2d7fb719b9\">\u00c9tudes offers comprehensive consulting, management, design, and research solutions. Our vision is to be at the forefront of architectural innovation, fostering a global community of architects and enthusiasts united by a passion for creating spaces. Every architectural endeavor is an opportunity to shape the future.<\/p>\n\n\n\n<div style=\"margin-top:var(--wp--preset--spacing--10);margin-bottom:0;height:var(--wp--preset--spacing--10)\" aria-hidden=\"true\" class=\"wp-block-spacer\"><\/div>\n<\/div>\n<\/div>\n\n\n\n<div class=\"wp-block-group alignfull has-global-padding is-layout-constrained wp-container-core-group-is-layout-d89aad35 wp-block-group-is-layout-constrained\" style=\"margin-top:0;margin-bottom:0;padding-top:var(--wp--preset--spacing--50);padding-right:var(--wp--preset--spacing--50);padding-bottom:var(--wp--preset--spacing--50);padding-left:var(--wp--preset--spacing--50)\">\n<div class=\"wp-block-columns alignwide are-vertically-aligned-center is-layout-flex wp-container-core-columns-is-layout-47c06fe3 wp-block-columns-is-layout-flex\">\n<div class=\"wp-block-column is-vertically-aligned-center is-layout-flow wp-block-column-is-layout-flow\" style=\"flex-basis:50%\">\n<h2 class=\"wp-block-heading\">\u00c9tudes Architect uygulamas\u0131yla mimari yolculu\u011funuzu geli\u015ftirin.<\/h2>\n\n\n\n<ul style=\"line-height:1.75\" class=\"wp-block-list is-style-checkmark-list\">\n<li>Di\u011fer mimarlarla i\u015fbirli\u011fi yap\u0131n.<\/li>\n\n\n\n<li>Projelerinizi tan\u0131t\u0131n.<\/li>\n\n\n\n<li>Mimarl\u0131k d\u00fcnyas\u0131n\u0131 deneyimleyin.<\/li>\n<\/ul>\n\n\n\n<div class=\"wp-block-buttons is-layout-flex wp-block-buttons-is-layout-flex\">\n<div class=\"wp-block-button\"><a class=\"wp-block-button__link wp-element-button\">Uygulamay\u0131 indir<\/a><\/div>\n\n\n\n<div class=\"wp-block-button is-style-outline is-style-outline--7\"><a class=\"wp-block-button__link wp-element-button\">Nas\u0131l \u00e7al\u0131\u015f\u0131r<\/a><\/div>\n<\/div>\n<\/div>\n\n\n\n<div class=\"wp-block-column is-vertically-aligned-center is-layout-flow wp-block-column-is-layout-flow\" style=\"flex-basis:50%\">\n<figure class=\"wp-block-image size-full is-style-rounded is-style-rounded--8\"><img decoding=\"async\" src=\"https:\/\/lavipeyzaj.com.tr\/wp-content\/themes\/twentytwentyfour\/assets\/images\/abstract-geometric-art.webp\" alt=\"Dresden, Almanya'dan beyaz soyut geometrik sanat eserleri\" style=\"aspect-ratio:4\/3;object-fit:cover\"\/><\/figure>\n<\/div>\n<\/div>\n<\/div>\n","protected":false},"excerpt":{"rendered":"<p>TELEFON : 0533 619 03 32 &#8211; 0546 872 17 96 \u0130NSTAGRAM : @lavipeyzaj ADRES : HOME OF\u0130S Alibeyh\u00fcy\u00fc\u011f\u00fc Mahallesi 74046 Sokak 26\/2 KONYA\/\u00c7UMRA E-MA\u0130L : info@lavipeyzaj.com.tr &#8211; lavipeyzaj@gmail.com Canland\u0131r\u0131lm\u0131\u015f sanat galerisi, k\u00fclt\u00fcrel manzaray\u0131 yeniden tan\u0131ml\u0131yor. Detaylara b\u00fcy\u00fck bir titizlikle dikkat etme ve m\u00fckemmelli\u011fe olan ba\u011fl\u0131l\u0131\u011f\u0131m\u0131zla, i\u00e7inde ya\u015fayanlar\u0131n hayatlar\u0131na ilham veren, y\u00fckselten ve zenginle\u015ftiren alanlar [&hellip;]<\/p>\n","protected":false},"author":1,"featured_media":0,"parent":0,"menu_order":0,"comment_status":"closed","ping_status":"closed","template":"","meta":{"footnotes":""},"class_list":["post-75","page","type-page","status-publish","hentry"],"_links":{"self":[{"href":"https:\/\/lavipeyzaj.com.tr\/index.php?rest_route=\/wp\/v2\/pages\/75","targetHints":{"allow":["GET"]}}],"collection":[{"href":"https:\/\/lavipeyzaj.com.tr\/index.php?rest_route=\/wp\/v2\/pages"}],"about":[{"href":"https:\/\/lavipeyzaj.com.tr\/index.php?rest_route=\/wp\/v2\/types\/page"}],"author":[{"embeddable":true,"href":"https:\/\/lavipeyzaj.com.tr\/index.php?rest_route=\/wp\/v2\/users\/1"}],"replies":[{"embeddable":true,"href":"https:\/\/lavipeyzaj.com.tr\/index.php?rest_route=%2Fwp%2Fv2%2Fcomments&post=75"}],"version-history":[{"count":5,"href":"https:\/\/lavipeyzaj.com.tr\/index.php?rest_route=\/wp\/v2\/pages\/75\/revisions"}],"predecessor-version":[{"id":108,"href":"https:\/\/lavipeyzaj.com.tr\/index.php?rest_route=\/wp\/v2\/pages\/75\/revisions\/108"}],"wp:attachment":[{"href":"https:\/\/lavipeyzaj.com.tr\/index.php?rest_route=%2Fwp%2Fv2%2Fmedia&parent=75"}],"curies":[{"name":"wp","href":"https:\/\/api.w.org\/{rel}","templated":true}]}}